{"id":9774,"date":"2015-11-29T01:58:54","date_gmt":"2015-11-28T23:58:54","guid":{"rendered":"http:\/\/www.erkinagsaran.com\/?page_id=9774"},"modified":"2019-08-31T13:48:41","modified_gmt":"2019-08-31T10:48:41","slug":"privacy-policy","status":"publish","type":"page","link":"https:\/\/www.erkinagsaran.com\/en\/privacy-policy\/","title":{"rendered":"Privacy Policy"},"content":{"rendered":"<p>Erkin A\u011fsaran Photography respects the privacy of your personal information.<\/p>\n<p>\u2013 The\u00a0personal information you provide us, like your name, phone number, and email address, are never shared with third parties, unless required by law.<\/p>\n<p>\u2013 Email newsletters that we\u00a0may send you are subject to your permission. If you think you did not give us permission, or if you decide to opt-out,\u00a0you can let us know, and you will be removed from our email list.<\/p>\n<p>\u2013 \u00a0Third parties may use cookies, web beacons, and similar technologies to collect or receive information from this\u00a0website and elsewhere on the internet and use that information to provide measurement services and target ads. You can opt-out of the collection and use of information for ad targeting.\u00a0You can\u00a0access a mechanism for exercising such choice at www.aboutads.info\/choices<\/p>\n","protected":false},"excerpt":{"rendered":"<p>Erkin A\u011fsaran Photography respects the privacy of your personal information. \u2013 The\u00a0personal information you provide us, like your name, phone number, and email address, are never shared with third parties, unless required by law. \u2013 Email newsletters that we\u00a0may send you are subject to your permission. If you think you did not give us permission, [&hellip;]<\/p>\n","protected":false},"author":3,"featured_media":0,"parent":0,"menu_order":0,"comment_status":"open","ping_status":"open","template":"","meta":{"_monsterinsights_skip_tracking":false,"_monsterinsights_sitenote_active":false,"_monsterinsights_sitenote_note":"","_monsterinsights_sitenote_category":0},"yoast_head":"<!-- This site is optimized with the Yoast SEO plugin v19.5.1 - https:\/\/yoast.com\/wordpress\/plugins\/seo\/ -->\r\n<title>Privacy Policy | Erkin A\u011fsaran<\/title>\r\n<meta name=\"description\" content=\"Privacy Policy | Belgesel D\u00fc\u011f\u00fcn Foto\u011fraflar\u0131\" \/>\r\n<meta name=\"robots\" content=\"noindex, nofollow\" \/>\r\n<meta property=\"og:locale\" content=\"en_US\" \/>\r\n<meta property=\"og:type\" content=\"article\" \/>\r\n<meta property=\"og:title\" content=\"Privacy Policy | Erkin A\u011fsaran\" \/>\r\n<meta property=\"og:description\" content=\"Privacy Policy | Belgesel D\u00fc\u011f\u00fcn Foto\u011fraflar\u0131\" \/>\r\n<meta property=\"og:url\" content=\"https:\/\/www.erkinagsaran.com\/en\/privacy-policy\/\" \/>\r\n<meta property=\"og:site_name\" content=\"Erkin A\u011fsaran\" \/>\r\n<meta property=\"article:publisher\" content=\"https:\/\/www.facebook.com\/ErkinAgsaranPhotography\/\" \/>\r\n<meta property=\"article:modified_time\" content=\"2019-08-31T10:48:41+00:00\" \/>\r\n<meta name=\"twitter:card\" content=\"summary_large_image\" \/>\r\n<meta name=\"twitter:site\" content=\"@erkinagsaran\" \/>\r\n<meta name=\"twitter:label1\" content=\"Est. reading time\" \/>\n\t<meta name=\"twitter:data1\" content=\"1 minute\" \/>\r\n<script type=\"application\/ld+json\" class=\"yoast-schema-graph\">{\"@context\":\"https:\/\/schema.org\",\"@graph\":[{\"@type\":\"WebPage\",\"@id\":\"https:\/\/www.erkinagsaran.com\/en\/privacy-policy\/\",\"url\":\"https:\/\/www.erkinagsaran.com\/en\/privacy-policy\/\",\"name\":\"Privacy Policy | Erkin A\u011fsaran\",\"isPartOf\":{\"@id\":\"https:\/\/www.erkinagsaran.com\/#website\"},\"datePublished\":\"2015-11-28T23:58:54+00:00\",\"dateModified\":\"2019-08-31T10:48:41+00:00\",\"description\":\"Privacy Policy | Belgesel D\u00fc\u011f\u00fcn Foto\u011fraflar\u0131\",\"breadcrumb\":{\"@id\":\"https:\/\/www.erkinagsaran.com\/en\/privacy-policy\/#breadcrumb\"},\"inLanguage\":\"en-US\",\"potentialAction\":[{\"@type\":\"ReadAction\",\"target\":[\"https:\/\/www.erkinagsaran.com\/en\/privacy-policy\/\"]}]},{\"@type\":\"BreadcrumbList\",\"@id\":\"https:\/\/www.erkinagsaran.com\/en\/privacy-policy\/#breadcrumb\",\"itemListElement\":[{\"@type\":\"ListItem\",\"position\":1,\"name\":\"Home\",\"item\":\"https:\/\/www.erkinagsaran.com\/en\/\"},{\"@type\":\"ListItem\",\"position\":2,\"name\":\"Privacy Policy\"}]},{\"@type\":\"WebSite\",\"@id\":\"https:\/\/www.erkinagsaran.com\/#website\",\"url\":\"https:\/\/www.erkinagsaran.com\/\",\"name\":\"Erkin A\u011fsaran\",\"description\":\"Belgesel D\u00fc\u011f\u00fcn Foto\u011fraflar\u0131\",\"publisher\":{\"@id\":\"https:\/\/www.erkinagsaran.com\/#organization\"},\"potentialAction\":[{\"@type\":\"SearchAction\",\"target\":{\"@type\":\"EntryPoint\",\"urlTemplate\":\"https:\/\/www.erkinagsaran.com\/?s={search_term_string}\"},\"query-input\":\"required name=search_term_string\"}],\"inLanguage\":\"en-US\"},{\"@type\":\"Organization\",\"@id\":\"https:\/\/www.erkinagsaran.com\/#organization\",\"name\":\"Erkin A\u011fsaran Photography\",\"url\":\"https:\/\/www.erkinagsaran.com\/\",\"sameAs\":[\"https:\/\/www.instagram.com\/erkinagsaran.photography\/\",\"https:\/\/tr.pinterest.com\/erkinagsaran\/\",\"https:\/\/www.facebook.com\/ErkinAgsaranPhotography\/\",\"https:\/\/twitter.com\/erkinagsaran\"],\"logo\":{\"@type\":\"ImageObject\",\"inLanguage\":\"en-US\",\"@id\":\"https:\/\/www.erkinagsaran.com\/#\/schema\/logo\/image\/\",\"url\":\"https:\/\/www.erkinagsaran.com\/wp-content\/uploads\/2020\/04\/Erkin-Agsaran-darklogo.png\",\"contentUrl\":\"https:\/\/www.erkinagsaran.com\/wp-content\/uploads\/2020\/04\/Erkin-Agsaran-darklogo.png\",\"width\":240,\"height\":42,\"caption\":\"Erkin A\u011fsaran Photography\"},\"image\":{\"@id\":\"https:\/\/www.erkinagsaran.com\/#\/schema\/logo\/image\/\"}}]}<\/script>\r\n<!-- \/ Yoast SEO plugin. -->","yoast_head_json":{"title":"Privacy Policy | Erkin A\u011fsaran","description":"Privacy Policy | Belgesel D\u00fc\u011f\u00fcn Foto\u011fraflar\u0131","robots":{"index":"noindex","follow":"nofollow"},"og_locale":"en_US","og_type":"article","og_title":"Privacy Policy | Erkin A\u011fsaran","og_description":"Privacy Policy | Belgesel D\u00fc\u011f\u00fcn Foto\u011fraflar\u0131","og_url":"https:\/\/www.erkinagsaran.com\/en\/privacy-policy\/","og_site_name":"Erkin A\u011fsaran","article_publisher":"https:\/\/www.facebook.com\/ErkinAgsaranPhotography\/","article_modified_time":"2019-08-31T10:48:41+00:00","twitter_card":"summary_large_image","twitter_site":"@erkinagsaran","twitter_misc":{"Est. reading time":"1 minute"},"schema":{"@context":"https:\/\/schema.org","@graph":[{"@type":"WebPage","@id":"https:\/\/www.erkinagsaran.com\/en\/privacy-policy\/","url":"https:\/\/www.erkinagsaran.com\/en\/privacy-policy\/","name":"Privacy Policy | Erkin A\u011fsaran","isPartOf":{"@id":"https:\/\/www.erkinagsaran.com\/#website"},"datePublished":"2015-11-28T23:58:54+00:00","dateModified":"2019-08-31T10:48:41+00:00","description":"Privacy Policy | Belgesel D\u00fc\u011f\u00fcn Foto\u011fraflar\u0131","breadcrumb":{"@id":"https:\/\/www.erkinagsaran.com\/en\/privacy-policy\/#breadcrumb"},"inLanguage":"en-US","potentialAction":[{"@type":"ReadAction","target":["https:\/\/www.erkinagsaran.com\/en\/privacy-policy\/"]}]},{"@type":"BreadcrumbList","@id":"https:\/\/www.erkinagsaran.com\/en\/privacy-policy\/#breadcrumb","itemListElement":[{"@type":"ListItem","position":1,"name":"Home","item":"https:\/\/www.erkinagsaran.com\/en\/"},{"@type":"ListItem","position":2,"name":"Privacy Policy"}]},{"@type":"WebSite","@id":"https:\/\/www.erkinagsaran.com\/#website","url":"https:\/\/www.erkinagsaran.com\/","name":"Erkin A\u011fsaran","description":"Belgesel D\u00fc\u011f\u00fcn Foto\u011fraflar\u0131","publisher":{"@id":"https:\/\/www.erkinagsaran.com\/#organization"},"potentialAction":[{"@type":"SearchAction","target":{"@type":"EntryPoint","urlTemplate":"https:\/\/www.erkinagsaran.com\/?s={search_term_string}"},"query-input":"required name=search_term_string"}],"inLanguage":"en-US"},{"@type":"Organization","@id":"https:\/\/www.erkinagsaran.com\/#organization","name":"Erkin A\u011fsaran Photography","url":"https:\/\/www.erkinagsaran.com\/","sameAs":["https:\/\/www.instagram.com\/erkinagsaran.photography\/","https:\/\/tr.pinterest.com\/erkinagsaran\/","https:\/\/www.facebook.com\/ErkinAgsaranPhotography\/","https:\/\/twitter.com\/erkinagsaran"],"logo":{"@type":"ImageObject","inLanguage":"en-US","@id":"https:\/\/www.erkinagsaran.com\/#\/schema\/logo\/image\/","url":"https:\/\/www.erkinagsaran.com\/wp-content\/uploads\/2020\/04\/Erkin-Agsaran-darklogo.png","contentUrl":"https:\/\/www.erkinagsaran.com\/wp-content\/uploads\/2020\/04\/Erkin-Agsaran-darklogo.png","width":240,"height":42,"caption":"Erkin A\u011fsaran Photography"},"image":{"@id":"https:\/\/www.erkinagsaran.com\/#\/schema\/logo\/image\/"}}]}},"_links":{"self":[{"href":"https:\/\/www.erkinagsaran.com\/en\/wp-json\/wp\/v2\/pages\/9774"}],"collection":[{"href":"https:\/\/www.erkinagsaran.com\/en\/wp-json\/wp\/v2\/pages"}],"about":[{"href":"https:\/\/www.erkinagsaran.com\/en\/wp-json\/wp\/v2\/types\/page"}],"author":[{"embeddable":true,"href":"https:\/\/www.erkinagsaran.com\/en\/wp-json\/wp\/v2\/users\/3"}],"replies":[{"embeddable":true,"href":"https:\/\/www.erkinagsaran.com\/en\/wp-json\/wp\/v2\/comments?post=9774"}],"version-history":[{"count":0,"href":"https:\/\/www.erkinagsaran.com\/en\/wp-json\/wp\/v2\/pages\/9774\/revisions"}],"wp:attachment":[{"href":"https:\/\/www.erkinagsaran.com\/en\/wp-json\/wp\/v2\/media?parent=9774"}],"curies":[{"name":"wp","href":"https:\/\/api.w.org\/{rel}","templated":true}]}}