{"id":10275,"date":"2016-02-04T00:41:54","date_gmt":"2016-02-03T22:41:54","guid":{"rendered":"http:\/\/www.erkinagsaran.com\/en\/?page_id=10275"},"modified":"2019-08-31T13:48:41","modified_gmt":"2019-08-31T10:48:41","slug":"toronto-wedding-photographer","status":"publish","type":"page","link":"https:\/\/www.erkinagsaran.com\/en\/toronto-wedding-photographer\/","title":{"rendered":"Toronto Wedding Photographer"},"content":{"rendered":"<p>OMG, I can&#8217;t believe it! You are getting married. I am so excited for you!<\/p>\n<p>But wait, you have a lot to do now. You need to organize many\u00a0things before the wedding. And you need to find a Toronto wedding photographer. Don&#8217;t worry, I&#8217;ll be there to help you, and to capture this\u00a0most important day of your life.<\/p>\n<p>My name is Erkin. I am an\u00a0international award-winning wedding photographer, and a member of the prestigious <a href=\"http:\/\/www.wpja.com\/wedding-photojournalism\/6671-istanbul-weddings\/photographer-erkin-agsaran.html\">Wedding Photojournalist Association<\/a>.\u00a0I prefer\u00a0to spend the entire wedding day with\u00a0my couples. I\u00a0focus on\u00a0the excitement building up during your preparations, emotions of\u00a0your\u00a0ceremony, and the love and joy of the reception, all without interrupting your enjoyment of the big day.<\/p>\n<p>Other than the more photojournalistic images, we\u00a0will also\u00a0take some time for\u00a0your posed photographs as a couple, and some family portraits.\u00a0But the idea is to capture what you and your loved ones really\u00a0feel on that day, so that you can look back at those moments to remember every detail. Many years after\u00a0your\u00a0wedding, when you look at the photographs, you will feel as if you are there and then, again. That is more than just pretty pictures. I will make you and your loved ones immortal!<\/p>\n<p>Toronto has an important part in my life, as\u00a0I have lived there for 8 years, and I loved every day of that time. Heck, I even photographed\u00a0my first wedding there, back in 2006. Although I am currently living in Istanbul, I often travel to Canada\u00a0to visit my friends, and of course to photograph beautiful\u00a0weddings of nice\u00a0Southern\u00a0Ontario\u00a0couples. I am serving anywhere around Toronto, including Mississauga, Oakville, Scarborough,\u00a0Pickering, Richmond Hill, Newmarket, and even as far as Barrie.<\/p>\n<p>You can be my next Toronto bride. If you like my work, and would like to have me as your Toronto wedding photographer, <a href=\"https:\/\/www.erkinagsaran.com\/en\/contact\/\">contact me to set up a Skype meeting with me<\/a>, so we can talk about your wedding plans, and\u00a0discuss how we can document the beauty of it.<\/p>\n<p>If you like to read what some of my happy couples had to say about my work, check them out below.<\/p>\n<p>Looking forward to hearing from you \ud83d\ude42<\/p>\n","protected":false},"excerpt":{"rendered":"<p>OMG, I can&#8217;t believe it! You are getting married. I am so excited for you! But wait, you have a lot to do now. You need to organize many\u00a0things before the wedding. And you need to find a Toronto wedding photographer. Don&#8217;t worry, I&#8217;ll be there to help you, and to capture this\u00a0most important day [&hellip;]<\/p>\n","protected":false},"author":3,"featured_media":0,"parent":0,"menu_order":0,"comment_status":"closed","ping_status":"closed","template":"","meta":{"_monsterinsights_skip_tracking":false,"_monsterinsights_sitenote_active":false,"_monsterinsights_sitenote_note":"","_monsterinsights_sitenote_category":0},"yoast_head":"<!-- This site is optimized with the Yoast SEO plugin v19.5.1 - https:\/\/yoast.com\/wordpress\/plugins\/seo\/ -->\r\n<title>Toronto Wedding Photographer | Erkin A\u011fsaran<\/title>\r\n<meta name=\"description\" content=\"International award-winning Toronto wedding photographer, capturing your precious moments in a documentary style.\u00a0\" \/>\r\n<meta name=\"robots\" content=\"index, follow, max-snippet:-1, max-image-preview:large, max-video-preview:-1\" \/>\r\n<link rel=\"canonical\" href=\"https:\/\/www.erkinagsaran.com\/en\/toronto-wedding-photographer\/\" \/>\r\n<meta property=\"og:locale\" content=\"en_US\" \/>\r\n<meta property=\"og:type\" content=\"article\" \/>\r\n<meta property=\"og:title\" content=\"Toronto Wedding Photographer | Erkin A\u011fsaran\" \/>\r\n<meta property=\"og:description\" content=\"International award-winning Toronto wedding photographer, capturing your precious moments in a documentary style.\u00a0\" \/>\r\n<meta property=\"og:url\" content=\"https:\/\/www.erkinagsaran.com\/en\/toronto-wedding-photographer\/\" \/>\r\n<meta property=\"og:site_name\" content=\"Erkin A\u011fsaran\" \/>\r\n<meta property=\"article:publisher\" content=\"https:\/\/www.facebook.com\/ErkinAgsaranPhotography\/\" \/>\r\n<meta property=\"article:modified_time\" content=\"2019-08-31T10:48:41+00:00\" \/>\r\n<meta name=\"twitter:card\" content=\"summary_large_image\" \/>\r\n<meta name=\"twitter:site\" content=\"@erkinagsaran\" \/>\r\n<meta name=\"twitter:label1\" content=\"Est. reading time\" \/>\n\t<meta name=\"twitter:data1\" content=\"2 minutes\" \/>\r\n<script type=\"application\/ld+json\" class=\"yoast-schema-graph\">{\"@context\":\"https:\/\/schema.org\",\"@graph\":[{\"@type\":\"WebPage\",\"@id\":\"https:\/\/www.erkinagsaran.com\/en\/toronto-wedding-photographer\/\",\"url\":\"https:\/\/www.erkinagsaran.com\/en\/toronto-wedding-photographer\/\",\"name\":\"Toronto Wedding Photographer | Erkin A\u011fsaran\",\"isPartOf\":{\"@id\":\"https:\/\/www.erkinagsaran.com\/#website\"},\"datePublished\":\"2016-02-03T22:41:54+00:00\",\"dateModified\":\"2019-08-31T10:48:41+00:00\",\"description\":\"International award-winning Toronto wedding photographer, capturing your precious moments in a documentary style.\u00a0\",\"breadcrumb\":{\"@id\":\"https:\/\/www.erkinagsaran.com\/en\/toronto-wedding-photographer\/#breadcrumb\"},\"inLanguage\":\"en-US\",\"potentialAction\":[{\"@type\":\"ReadAction\",\"target\":[\"https:\/\/www.erkinagsaran.com\/en\/toronto-wedding-photographer\/\"]}]},{\"@type\":\"BreadcrumbList\",\"@id\":\"https:\/\/www.erkinagsaran.com\/en\/toronto-wedding-photographer\/#breadcrumb\",\"itemListElement\":[{\"@type\":\"ListItem\",\"position\":1,\"name\":\"Home\",\"item\":\"https:\/\/www.erkinagsaran.com\/en\/\"},{\"@type\":\"ListItem\",\"position\":2,\"name\":\"Toronto Wedding Photographer\"}]},{\"@type\":\"WebSite\",\"@id\":\"https:\/\/www.erkinagsaran.com\/#website\",\"url\":\"https:\/\/www.erkinagsaran.com\/\",\"name\":\"Erkin A\u011fsaran\",\"description\":\"Belgesel D\u00fc\u011f\u00fcn Foto\u011fraflar\u0131\",\"publisher\":{\"@id\":\"https:\/\/www.erkinagsaran.com\/#organization\"},\"potentialAction\":[{\"@type\":\"SearchAction\",\"target\":{\"@type\":\"EntryPoint\",\"urlTemplate\":\"https:\/\/www.erkinagsaran.com\/?s={search_term_string}\"},\"query-input\":\"required name=search_term_string\"}],\"inLanguage\":\"en-US\"},{\"@type\":\"Organization\",\"@id\":\"https:\/\/www.erkinagsaran.com\/#organization\",\"name\":\"Erkin A\u011fsaran Photography\",\"url\":\"https:\/\/www.erkinagsaran.com\/\",\"sameAs\":[\"https:\/\/www.instagram.com\/erkinagsaran.photography\/\",\"https:\/\/tr.pinterest.com\/erkinagsaran\/\",\"https:\/\/www.facebook.com\/ErkinAgsaranPhotography\/\",\"https:\/\/twitter.com\/erkinagsaran\"],\"logo\":{\"@type\":\"ImageObject\",\"inLanguage\":\"en-US\",\"@id\":\"https:\/\/www.erkinagsaran.com\/#\/schema\/logo\/image\/\",\"url\":\"https:\/\/www.erkinagsaran.com\/wp-content\/uploads\/2020\/04\/Erkin-Agsaran-darklogo.png\",\"contentUrl\":\"https:\/\/www.erkinagsaran.com\/wp-content\/uploads\/2020\/04\/Erkin-Agsaran-darklogo.png\",\"width\":240,\"height\":42,\"caption\":\"Erkin A\u011fsaran Photography\"},\"image\":{\"@id\":\"https:\/\/www.erkinagsaran.com\/#\/schema\/logo\/image\/\"}}]}<\/script>\r\n<!-- \/ Yoast SEO plugin. -->","yoast_head_json":{"title":"Toronto Wedding Photographer | Erkin A\u011fsaran","description":"International award-winning Toronto wedding photographer, capturing your precious moments in a documentary style.\u00a0","robots":{"index":"index","follow":"follow","max-snippet":"max-snippet:-1","max-image-preview":"max-image-preview:large","max-video-preview":"max-video-preview:-1"},"canonical":"https:\/\/www.erkinagsaran.com\/en\/toronto-wedding-photographer\/","og_locale":"en_US","og_type":"article","og_title":"Toronto Wedding Photographer | Erkin A\u011fsaran","og_description":"International award-winning Toronto wedding photographer, capturing your precious moments in a documentary style.\u00a0","og_url":"https:\/\/www.erkinagsaran.com\/en\/toronto-wedding-photographer\/","og_site_name":"Erkin A\u011fsaran","article_publisher":"https:\/\/www.facebook.com\/ErkinAgsaranPhotography\/","article_modified_time":"2019-08-31T10:48:41+00:00","twitter_card":"summary_large_image","twitter_site":"@erkinagsaran","twitter_misc":{"Est. reading time":"2 minutes"},"schema":{"@context":"https:\/\/schema.org","@graph":[{"@type":"WebPage","@id":"https:\/\/www.erkinagsaran.com\/en\/toronto-wedding-photographer\/","url":"https:\/\/www.erkinagsaran.com\/en\/toronto-wedding-photographer\/","name":"Toronto Wedding Photographer | Erkin A\u011fsaran","isPartOf":{"@id":"https:\/\/www.erkinagsaran.com\/#website"},"datePublished":"2016-02-03T22:41:54+00:00","dateModified":"2019-08-31T10:48:41+00:00","description":"International award-winning Toronto wedding photographer, capturing your precious moments in a documentary style.\u00a0","breadcrumb":{"@id":"https:\/\/www.erkinagsaran.com\/en\/toronto-wedding-photographer\/#breadcrumb"},"inLanguage":"en-US","potentialAction":[{"@type":"ReadAction","target":["https:\/\/www.erkinagsaran.com\/en\/toronto-wedding-photographer\/"]}]},{"@type":"BreadcrumbList","@id":"https:\/\/www.erkinagsaran.com\/en\/toronto-wedding-photographer\/#breadcrumb","itemListElement":[{"@type":"ListItem","position":1,"name":"Home","item":"https:\/\/www.erkinagsaran.com\/en\/"},{"@type":"ListItem","position":2,"name":"Toronto Wedding Photographer"}]},{"@type":"WebSite","@id":"https:\/\/www.erkinagsaran.com\/#website","url":"https:\/\/www.erkinagsaran.com\/","name":"Erkin A\u011fsaran","description":"Belgesel D\u00fc\u011f\u00fcn Foto\u011fraflar\u0131","publisher":{"@id":"https:\/\/www.erkinagsaran.com\/#organization"},"potentialAction":[{"@type":"SearchAction","target":{"@type":"EntryPoint","urlTemplate":"https:\/\/www.erkinagsaran.com\/?s={search_term_string}"},"query-input":"required name=search_term_string"}],"inLanguage":"en-US"},{"@type":"Organization","@id":"https:\/\/www.erkinagsaran.com\/#organization","name":"Erkin A\u011fsaran Photography","url":"https:\/\/www.erkinagsaran.com\/","sameAs":["https:\/\/www.instagram.com\/erkinagsaran.photography\/","https:\/\/tr.pinterest.com\/erkinagsaran\/","https:\/\/www.facebook.com\/ErkinAgsaranPhotography\/","https:\/\/twitter.com\/erkinagsaran"],"logo":{"@type":"ImageObject","inLanguage":"en-US","@id":"https:\/\/www.erkinagsaran.com\/#\/schema\/logo\/image\/","url":"https:\/\/www.erkinagsaran.com\/wp-content\/uploads\/2020\/04\/Erkin-Agsaran-darklogo.png","contentUrl":"https:\/\/www.erkinagsaran.com\/wp-content\/uploads\/2020\/04\/Erkin-Agsaran-darklogo.png","width":240,"height":42,"caption":"Erkin A\u011fsaran Photography"},"image":{"@id":"https:\/\/www.erkinagsaran.com\/#\/schema\/logo\/image\/"}}]}},"_links":{"self":[{"href":"https:\/\/www.erkinagsaran.com\/en\/wp-json\/wp\/v2\/pages\/10275"}],"collection":[{"href":"https:\/\/www.erkinagsaran.com\/en\/wp-json\/wp\/v2\/pages"}],"about":[{"href":"https:\/\/www.erkinagsaran.com\/en\/wp-json\/wp\/v2\/types\/page"}],"author":[{"embeddable":true,"href":"https:\/\/www.erkinagsaran.com\/en\/wp-json\/wp\/v2\/users\/3"}],"replies":[{"embeddable":true,"href":"https:\/\/www.erkinagsaran.com\/en\/wp-json\/wp\/v2\/comments?post=10275"}],"version-history":[{"count":0,"href":"https:\/\/www.erkinagsaran.com\/en\/wp-json\/wp\/v2\/pages\/10275\/revisions"}],"wp:attachment":[{"href":"https:\/\/www.erkinagsaran.com\/en\/wp-json\/wp\/v2\/media?parent=10275"}],"curies":[{"name":"wp","href":"https:\/\/api.w.org\/{rel}","templated":true}]}}